{"id":175,"date":"2020-08-16T00:26:13","date_gmt":"2020-08-15T22:26:13","guid":{"rendered":"https:\/\/www.boogaardpool.nl\/?page_id=175"},"modified":"2025-12-17T20:46:18","modified_gmt":"2025-12-17T19:46:18","slug":"elementor-175","status":"publish","type":"page","link":"https:\/\/www.boogaardpool.nl\/?page_id=175","title":{"rendered":"Kwaliteitsstatuut, rechten en plichten"},"content":{"rendered":"\t\t<div data-elementor-type=\"wp-page\" data-elementor-id=\"175\" class=\"elementor elementor-175\">\n\t\t\t\t\t\t<div class=\"elementor-inner\">\n\t\t\t\t<div class=\"elementor-section-wrap\">\n\t\t\t\t\t\t\t\t\t<section class=\"elementor-section elementor-top-section elementor-element elementor-element-47c55a3b elementor-section-boxed elementor-section-height-default elementor-section-height-default\" data-id=\"47c55a3b\" data-element_type=\"section\">\n\t\t\t\t\t\t<div class=\"elementor-container elementor-column-gap-default\">\n\t\t\t\t\t\t\t<div class=\"elementor-row\">\n\t\t\t\t\t<div class=\"elementor-column elementor-col-100 elementor-top-column elementor-element elementor-element-34f41ce\" data-id=\"34f41ce\" data-element_type=\"column\">\n\t\t\t<div class=\"elementor-column-wrap elementor-element-populated\">\n\t\t\t\t\t\t\t<div class=\"elementor-widget-wrap\">\n\t\t\t\t\t\t<div class=\"elementor-element elementor-element-4d105571 elementor-widget elementor-widget-text-editor\" data-id=\"4d105571\" data-element_type=\"widget\" data-widget_type=\"text-editor.default\">\n\t\t\t\t<div class=\"elementor-widget-container\">\n\t\t\t\t\t\t\t\t<div class=\"elementor-text-editor elementor-clearfix\">\n\t\t\t\t<p><!-- wp:paragraph --><\/p>\n<h2><span style=\"font-family: Helvetica; font-size: 18pt; color: #9fb5c1;\"><span style=\"background-color: transparent; font-style: normal; font-variant: normal; text-decoration-skip-ink: none; vertical-align: baseline; white-space: pre-wrap;\">Kwaliteitsstatuut<\/span><\/span><\/h2>\n<p><span style=\"font-size: 14pt; font-family: Helvetica; background-color: transparent; font-weight: 400; font-style: normal; font-variant: normal; text-decoration: none; vertical-align: baseline; white-space: pre-wrap;\">Dit is te vinden bij ons in de praktijk, mocht u het in willen zien kunt u het bij ons opvragen.&nbsp;<\/span><\/p>\n<h2><span style=\"font-family: Helvetica; font-size: 18pt; color: #9fb5c1; letter-spacing: -0.0415625em;\">Algemene voorwaarden<\/span><\/h2>\n<p style=\"font-size: 21px; text-align: left;\"><span style=\"font-family: Helvetica; font-size: 14pt;\">Dit zijn de algemene voorwaarden van Psychologenpraktijk Boogaard &amp; Pool, praktijk houdend te Nieuwegein en ingeschreven in de KVK onder nummer 76941620.&nbsp;<\/span><\/p>\n<h2 style=\"text-align: left;\"><span style=\"color: #9fb5c1; font-size: 14pt;\"><span style=\"font-family: Helvetica;\">Algemeen<\/span><\/span><\/h2>\n<p style=\"font-size: 21px; text-align: left;\"><span style=\"font-family: Helvetica; font-size: 14pt;\">Deze algemene voorwaarden zijn van toepassing op elke overeenkomst en dienstverlening van Psychologenpraktijk Boogaard &amp; Pool. Er kan enkel schriftelijk van de algemene voorwaarden worden afgeweken. Psychologenpraktijk Boogaard &amp; Pool behoudt zich het recht voor de algemene voorwaarden op elk moment te kunnen wijzigen. Raadpleeg de versie zoals vermeld op de website.&nbsp;<\/span><\/p>\n<p style=\"font-size: 21px; text-align: left;\"><span style=\"font-family: Helvetica; font-size: 14pt;\">Mocht na enige bepaling uit de algemene voorwaarden nietig of onuitvoerbaar zijn of worden, dan raakt dit niet aan de geldigheid of de uitvoerbaarheid van de overige bepalingen ervan. Desgevallend verbinden pati\u00ebnt en Psychologenpraktijk Boogaard &amp; Pool zich er toe de nietig verklaarde bepaling te vervangen door een bepaling zo dicht mogelijk het doel benadert van de niet verklaarde bepaling.&nbsp;<\/span><\/p>\n<h2 style=\"text-align: left;\"><span style=\"color: #9fb5c1; font-size: 14pt;\"><span style=\"font-family: Helvetica;\">Psychologische zorg<\/span><\/span><\/h2>\n<p style=\"font-size: 21px; text-align: left;\"><span style=\"font-family: Helvetica; font-size: 14pt;\">Psychologenpraktijk Boogaard &amp; Pool biedt psychologische zorg voor volwassenen (vanaf 18 jaar) die vastlopen in hun leven en hiervoor professionele hulp wensen. Hierin staan zorg op maat en samenwerking met de pati\u00ebnt, naast betrokkenen en ketenpartners voorop. De praktijk heeft mogelijkheden voor diagnostiek, consultatie en second opinion. De praktijk is niet toegerust op behandeling van ernstige psychiatrische problematiek, zoals hoog su\u00efciderisico, ernstige verslavingen en een floride psychotisch toestandsbeeld, waarbij de pati\u00ebnt buiten kantoortijden een beroep wil doen op hulp.&nbsp;<\/span><\/p>\n<p style=\"font-size: 21px; text-align: left;\"><span style=\"font-family: Helvetica; font-size: 14pt;\">Psychologenpraktijk Boogaard &amp; Pool stelt de pati\u00ebnt in staat zijn\/haar\/hen problemen op te lossen en\/of anders om te gaan met de uitdagingen van zijn\/haar\/hen leven. De dienstverlening betreft een middelenverbintenis, geen resultaatsverbintenis.<\/span><\/p>\n<h2 style=\"text-align: left;\"><span style=\"color: #9fb5c1; font-size: 14pt;\"><span style=\"font-family: Helvetica;\">Aangaan van diagnostiek- en\/ of behandelcontact en aansprakelijkheid<\/span><\/span><\/h2>\n<p style=\"font-size: 21px; text-align: left;\"><span style=\"font-family: Helvetica; font-size: 14pt;\">Het aangaan van een diagnostiek- en\/ of behandelcontact is op vrijwillige basis en eigen verantwoordelijkheid. De pati\u00ebnt blijft zelf verantwoordelijk en aansprakelijk voor eigen beslissingen, acties of gevolgen daarvan.<\/span><\/p>\n<h2 style=\"text-align: left;\"><span style=\"color: #9fb5c1; font-size: 14pt;\"><span style=\"font-family: Helvetica;\">Kwaliteitsborging en beroepsgeheim<\/span><\/span><\/h2>\n<p style=\"font-size: 21px; text-align: left;\"><span style=\"font-family: Helvetica; font-size: 14pt;\">Psychologenpraktijk Boogaard &amp; Pool is een erkende praktijk. Alle behandelaren van de praktijk zijn gebonden aan de beroepscode van het Nederlands Instituut van Psychologen (NIP), een richtlijn die psychologen volgen voor hun professioneel en ethisch handelen en het beroepsgeheim. De beroepscode bevat ethische basisprincipes zoals verantwoordelijkheid, integriteit, respect en deskundigheid, en dient als leidraad voor het maken van ethische afwegingen, het waarborgen van de kwaliteit van zorg en het dienen als maatstaf bij klachtenprocedures. Het beroepsgeheim betekent dat de behandelaren de plicht hebben om alles wat zij te weten komen over een pati\u00ebnt met wie zij een zorgverleningsrelatie hebben, geheim te houden.<\/span><\/p>\n<p style=\"font-size: 21px; text-align: left;\"><span style=\"font-family: Helvetica; font-size: 14pt;\">Dit betekent dat grote terughoudendheid in acht moet worden genomen met betrekking tot het doorbreken van het beroepsgeheim. In de volgende situaties mag (en in sommige gevallen moet) de behandelaar het beroepsgeheim doorbreken. Dit is bij toestemming van de cli\u00ebnt, wettelijk voorschrift, conflict van plichten, meldrecht en zwaarwegend belang.&nbsp;<\/span><\/p>\n<p style=\"font-size: 21px; text-align: left;\"><span style=\"font-family: Helvetica; font-size: 14pt;\">De behandelaren zijn aangesloten bij diverse beroepsverenigingen: vereniging voor gedrags- en cognitieve therapie\u00ebn (<a style=\"transition-property: all;\" href=\"http:\/\/www.vgct.nl\/\">www.vgct.nl<\/a>), vereniging voor schematherapie (<a style=\"transition-property: all;\" href=\"http:\/\/www.schematherapie.nl\/\">www.schematherapie.nl<\/a>), verenging voor EMDR (<a style=\"transition-property: all;\" href=\"http:\/\/www.ven.nl\/\">www.ven.nl<\/a>), Nederlandse vereniging voor groepsdynamische en groepspsychotherapie&nbsp;<span style=\"font-size: 14pt;\">(<\/span><a style=\"transition-property: all;\" href=\"http:\/\/www.groepstherapie.nl\/\">www.groepstherapie.nl<\/a>).&nbsp;<\/span><\/p>\n<p style=\"font-size: 21px; text-align: left;\">\n<\/p><h2 style=\"text-align: left;\"><span style=\"color: #9fb5c1; font-size: 14pt;\"><span style=\"font-family: Helvetica;\">Privacy<\/span><\/span><\/h2>\n<p style=\"font-size: 21px; text-align: left;\"><span style=\"font-family: Helvetica; font-size: 14pt;\">Psychologenpraktijk Boogaard &amp; Pool draagt zorg voor de privacy van de pati\u00ebnt en verwerkt zijn\/haar\/diens persoonsgegevens voor pati\u00ebntenbeheer: het verzorgen van goede psychologische zorg, informatieverstrekking m.b.t. diensten, financi\u00eble afhandeling en boekhoudkundige verwerking. De pati\u00ebnt is verantwoordelijk voor het correct doorgeven van zijn of haar gegevens en eventuele wijzigingen daaromtrent. Het privacy beleid van Psychologenpraktijk Boogaard &amp; Pool staat beschreven op de website&nbsp;<a style=\"transition-property: all;\" href=\"https:\/\/www.boogaardpool.nl\/?page_id=549\">https:\/\/www.boogaardpool.nl<\/a>. De pati\u00ebnt dient hier kennis van te nemen.<\/span><\/p>\n<h2 style=\"text-align: left;\"><span style=\"color: #9fb5c1; font-size: 14pt;\"><span style=\"font-family: Helvetica;\">Pati\u00ebntendossier<\/span><\/span><\/h2>\n<p style=\"font-size: 21px; text-align: left;\"><span style=\"font-family: Helvetica; font-size: 14pt;\">Bij het starten van het diagnostiek- en\/of behandelproces wordt een pati\u00ebntendossier aangemaakt, hiervoor maken wij gebruik van Intramed. Dit omvat onder meer: identificatie van de pati\u00ebnt, reden van verwijzing, intakegegevens, biografie, behandelplan, een overzicht van de sessies met de behandelde thema\u2019s en evaluatie.<\/span><\/p>\n<h2 style=\"text-align: left;\"><span style=\"color: #9fb5c1; font-size: 14pt;\"><span style=\"font-family: Helvetica;\">Afspraken annuleren<\/span><\/span><\/h2>\n<p style=\"font-size: 21px; text-align: left;\"><span style=\"font-family: Helvetica; font-size: 14pt;\">Annuleren of verplaatsen van een afspraak kan kosteloos 24u voor aanvang van de geplande afspraak. Het tijdstip van de annulering is het tijdstip waarop Psychologenpraktijk Boogaard &amp; Pool de annulering ontvangt per e-mail of telefoon. Voor latere annulering of wanneer de pati\u00ebnt niet op de afspraak verschijnt wordt er 60 euro in rekening gebracht. Komt de pati\u00ebnt te laat dan wordt de duur van de sessie niet verlengd. De pati\u00ebnt is in dat geval wel het bedrag van de volledige sessie verschuldigd.<\/span><\/p>\n<h2 style=\"text-align: left;\"><span style=\"color: #9fb5c1; font-size: 14pt;\"><span style=\"font-family: Helvetica;\">Tarieven, vergoedingen en betaling<\/span><\/span><\/h2>\n<p style=\"font-size: 21px; text-align: left;\"><span style=\"font-family: Helvetica; font-size: 14pt;\">De gehanteerde tarieven worden vermeld op de website&nbsp;<a style=\"transition-property: all;\" href=\"https:\/\/www.boogaardpool.nl\/?page_id=549\">https:\/\/www.boogaardpool.nl<\/a>. Psychologenpraktijk Boogaard &amp; Pool heeft met een aantal zorgverzekeraars contracten. Indien er geen contract is met de zorgverzekeraar van de pati\u00ebnt, wordt er maandelijks een factuur gestuurd. De factuur ontvangt de pati\u00ebnt via een e-mail. De factuur dient binnen 14 dagen na dagtekening te worden voldaan.<\/span><\/p>\n<p style=\"font-size: 21px; text-align: left;\"><span style=\"font-family: Helvetica; font-size: 14pt;\">Indien er 14 dagen na verzending van de factuur geen betaling heeft plaatsgevonden, ontvangt de pati\u00ebnt een eerste herinneringsfactuur\/ aanmaning. Mocht deze na 14 dagen niet zijn voldaan, dan ontvangt de pati\u00ebnt een tweede aanmaning, waaraan \u20ac20,00 administratiekosten zijn verbonden.<\/span><\/p>\n<p style=\"font-size: 21px; text-align: left;\"><span style=\"font-family: Helvetica; font-size: 14pt;\">Mocht u na 14 dagen deze tweede aanmaning niet hebben betaald, ontvangt de pati\u00ebnt een brief dat hij\/zij\/die in verzuim van betaling is en hij\/zij\/die 15 dagen (na ontvangst van de brief) de gelegenheid krijgt om het openstaande bedrag te betalen. Indien er geen betaling volgt, is Psychologenpraktijk Boogaard &amp; Pool genoodzaakt om de vordering uit handen te geven aan een incassobureau, welke ook kosten en btw aan de pati\u00ebnt zal doorberekenen.&nbsp;<\/span><\/p>\n<h2 style=\"text-align: left;\"><span style=\"color: #9fb5c1; font-size: 14pt;\"><span style=\"font-family: Helvetica;\">Rechten en plichten<\/span><\/span><\/h2>\n<p style=\"text-align: left;\"><span style=\"font-size: 14pt; font-family: Helvetica;\">Wanneer er een diagnostiek- of behandelcontact wordt aangegaan gelden zowel voor de behandelaar als de pati\u00ebnt rechten en plichten. Mocht de pati\u00ebnt ontevreden zijn of een klacht hebben, kan hij\/zij\/die dit kenbaar maken in persoonlijk contact, via telefoon of e-mail. Bij voorkeur worden klachten over geleverde diensten rechtstreeks gericht aan de betreffende behandelaar van Psychologenpraktijk Boogaard &amp; Pool binnen tien werkdagen na de prestatie waarop de klacht betrekking heeft. Het uiten van een klacht ontslaat de pati\u00ebnt niet van de betalingsverplichting.<br>Indien een gesprek geen oplossing biedt, kan de pati\u00ebnt terecht bij de LVVP. U kunt met uw klacht over ons of onze diensten terecht bij een LVVP-klachtenfunctionaris van CBKZ. Op de website&nbsp;<\/span><span style=\"font-family: Helvetica;\"><span style=\"font-size: 18.6667px;\">https:\/\/lvvp.info\/voor-clienten\/wat-als-ik-ontevreden-ben-de-behandeling\/klachtenregeling-volwassenen\/ vindt de pati\u00ebnt meer informatie over hoe u een klacht indient.&nbsp;<br><\/span><\/span><span style=\"font-family: Helvetica; color: #9fb5c1; font-size: 14pt; font-weight: bold; letter-spacing: -0.0415625em;\"><br><\/span><\/p>\n<h2 style=\"text-align: left;\"><font color=\"#9fb5c1\" face=\"Helvetica\"><span style=\"font-size: 18.6667px;\">Intellectuele rechten<\/span><\/font><\/h2>\n<p style=\"font-size: 21px; text-align: left;\"><span style=\"font-family: Helvetica; font-size: 14pt;\">Psychologenpraktijk Boogaard &amp; Pool behoudt alle intellectuele rechten op logo\u2019s, foto\u2019s, namen, teksten, materialen, producten en diensten die zij aanbiedt. Materiaal mag niet verspreid worden zonder uitdrukkelijke schriftelijke toestemming van Psychologenpraktijk Boogaard &amp; Pool.<\/span><\/p>\n<h2 style=\"text-align: left;\"><span style=\"color: #9fb5c1; font-size: 14pt;\"><span style=\"font-family: Helvetica;\">Overmacht<\/span><\/span><\/h2>\n<p style=\"font-size: 21px; text-align: left;\"><span style=\"font-family: Helvetica; font-size: 14pt;\">Psychologenpraktijk Boogaard &amp; Pool stelt alles in het werk om haar diensten op het afgesproken tijdstip te leveren. In uitzonderlijke gevallen kan het gebeuren dat hiervan moet worden afgeweken vanwege onvoorziene omstandigheden waar Psychologenpraktijk Boogaard &amp; Pool geen vat op heeft. In dergelijke gevallen kan Psychologenpraktijk Boogaard &amp; Pool niet aansprakelijk worden gesteld voor laattijdige levering. Er wordt dan in samenspraak met de pati\u00ebnt naar een nieuwe datum gezocht. Ingeval van tijdelijke of blijvende overmacht is Psychologenpraktijk Boogaard &amp; Pool gerechtigd de overeenkomst te be\u00ebindigen, dan wel haar prestaties op te schorten zonder dat de pati\u00ebnt enig recht op een schadevergoeding kan doen gelden. Indien Psychologenpraktijk Boogaard &amp; Pool op grond van overmacht de overeenkomst be\u00ebindigt, behoudt zij het recht op betaling van alle geleverde prestaties. In gevallen van overmacht wordt de pati\u00ebnt desgewenst doorverwezen naar een collega in het veld.<\/span><\/p>\n<h2 style=\"text-align: left;\"><span style=\"color: #9fb5c1; font-size: 14pt;\"><span style=\"font-family: Helvetica;\">Opschorting en ontbinding<\/span><\/span><\/h2>\n<p style=\"font-size: 21px; text-align: left;\"><span style=\"font-family: Helvetica; font-size: 14pt;\">Indien het vertrouwen van Psychologenpraktijk Boogaard &amp; Pool in de kredietwaardigheid van de pati\u00ebnt wordt geschokt door laattijdige betaling of wanbetaling of wanneer er aanwijsbare gebeurtenissen zijn die het vertrouwen in de goede uitvoering van aangegane verbintenissen in vraag stellen en\/of onmogelijk maken, behoudt Psychologenpraktijk zich het recht voor alle lopende diensten en overeenkomsten op te schorten. Psychologenpraktijk Boogaard &amp; Pool kan de begeleiding of overeenkomst ook opschorten of ontbinden wanneer blijkt dat doorverwijzing naar aangepaste of gespecialiseerde hulp aangewezen is. In dat geval wordt stopzetting en doorverwijzing gemotiveerd en helder gecommuniceerd. Psychologenpraktijk Boogaard &amp; Pool behoudt in dat geval het recht op betaling van geleverde prestaties, maar toekomstig geplande sessies worden geannuleerd en niet verrekend.<\/span><\/p>\t\t\t\t\t<\/div>\n\t\t\t\t\t\t<\/div>\n\t\t\t\t<\/div>\n\t\t\t\t\t\t<\/div>\n\t\t\t\t\t<\/div>\n\t\t<\/div>\n\t\t\t\t\t\t\t\t<\/div>\n\t\t\t\t\t<\/div>\n\t\t<\/section>\n\t\t\t\t\t\t\t\t\t<\/div>\n\t\t\t<\/div>\n\t\t\t\t\t<\/div>\n\t\t","protected":false},"excerpt":{"rendered":"<p>Kwaliteitsstatuut Dit is te vinden bij ons in de praktijk, mocht u het in willen zien kunt u het bij ons opvragen.&nbsp; Algemene voorwaarden Dit zijn de algemene voorwaarden van Psychologenpraktijk Boogaard &amp; Pool, praktijk houdend te Nieuwegein en ingeschreven in de KVK onder nummer 76941620.&nbsp; Algemeen Deze algemene voorwaarden zijn van toepassing op elke [&hellip;]<\/p>\n","protected":false},"author":1,"featured_media":0,"parent":0,"menu_order":0,"comment_status":"closed","ping_status":"closed","template":"","meta":[],"_links":{"self":[{"href":"https:\/\/www.boogaardpool.nl\/index.php?rest_route=\/wp\/v2\/pages\/175"}],"collection":[{"href":"https:\/\/www.boogaardpool.nl\/index.php?rest_route=\/wp\/v2\/pages"}],"about":[{"href":"https:\/\/www.boogaardpool.nl\/index.php?rest_route=\/wp\/v2\/types\/page"}],"author":[{"embeddable":true,"href":"https:\/\/www.boogaardpool.nl\/index.php?rest_route=\/wp\/v2\/users\/1"}],"replies":[{"embeddable":true,"href":"https:\/\/www.boogaardpool.nl\/index.php?rest_route=%2Fwp%2Fv2%2Fcomments&post=175"}],"version-history":[{"count":33,"href":"https:\/\/www.boogaardpool.nl\/index.php?rest_route=\/wp\/v2\/pages\/175\/revisions"}],"predecessor-version":[{"id":2156,"href":"https:\/\/www.boogaardpool.nl\/index.php?rest_route=\/wp\/v2\/pages\/175\/revisions\/2156"}],"wp:attachment":[{"href":"https:\/\/www.boogaardpool.nl\/index.php?rest_route=%2Fwp%2Fv2%2Fmedia&parent=175"}],"curies":[{"name":"wp","href":"https:\/\/api.w.org\/{rel}","templated":true}]}}